{"id":6220,"date":"2025-08-12T17:37:10","date_gmt":"2025-08-12T17:37:10","guid":{"rendered":"https:\/\/azempresas.com\/prototipos\/?page_id=6220"},"modified":"2025-08-15T12:40:51","modified_gmt":"2025-08-15T12:40:51","slug":"areas-de-atuacao","status":"publish","type":"page","link":"https:\/\/azempresas.com\/prototipos\/areas-de-atuacao\/","title":{"rendered":"\u00c1reas de Atua\u00e7\u00e3o"},"content":{"rendered":"\t\t<div data-elementor-type=\"wp-page\" data-elementor-id=\"6220\" class=\"elementor elementor-6220\" data-elementor-post-type=\"page\">\n\t\t\t\t<div class=\"elementor-element elementor-element-05987a4 e-con-full e-flex e-con e-parent\" data-id=\"05987a4\" data-element_type=\"container\" data-settings=\"{&quot;background_background&quot;:&quot;classic&quot;}\">\n\t\t<div class=\"elementor-element elementor-element-5935c40 e-flex e-con-boxed e-con e-child\" data-id=\"5935c40\" data-element_type=\"container\">\n\t\t\t\t\t<div class=\"e-con-inner\">\n\t\t\t\t\t<\/div>\n\t\t\t\t<\/div>\n\t\t\t\t<\/div>\n\t\t\t\t<\/div>\n\t\t","protected":false},"excerpt":{"rendered":"","protected":false},"author":1,"featured_media":0,"parent":0,"menu_order":0,"comment_status":"closed","ping_status":"closed","template":"elementor_header_footer","meta":{"footnotes":""},"class_list":["post-6220","page","type-page","status-publish","hentry"],"_links":{"self":[{"href":"https:\/\/azempresas.com\/prototipos\/wp-json\/wp\/v2\/pages\/6220","targetHints":{"allow":["GET"]}}],"collection":[{"href":"https:\/\/azempresas.com\/prototipos\/wp-json\/wp\/v2\/pages"}],"about":[{"href":"https:\/\/azempresas.com\/prototipos\/wp-json\/wp\/v2\/types\/page"}],"author":[{"embeddable":true,"href":"https:\/\/azempresas.com\/prototipos\/wp-json\/wp\/v2\/users\/1"}],"replies":[{"embeddable":true,"href":"https:\/\/azempresas.com\/prototipos\/wp-json\/wp\/v2\/comments?post=6220"}],"version-history":[{"count":7,"href":"https:\/\/azempresas.com\/prototipos\/wp-json\/wp\/v2\/pages\/6220\/revisions"}],"predecessor-version":[{"id":6454,"href":"https:\/\/azempresas.com\/prototipos\/wp-json\/wp\/v2\/pages\/6220\/revisions\/6454"}],"wp:attachment":[{"href":"https:\/\/azempresas.com\/prototipos\/wp-json\/wp\/v2\/media?parent=6220"}],"curies":[{"name":"wp","href":"https:\/\/api.w.org\/{rel}","templated":true}]}}