{"id":6236,"date":"2025-08-12T17:43:40","date_gmt":"2025-08-12T17:43:40","guid":{"rendered":"https:\/\/azempresas.com\/prototipos\/?page_id=6236"},"modified":"2025-08-19T13:37:59","modified_gmt":"2025-08-19T13:37:59","slug":"atuacoes-em-portugal","status":"publish","type":"page","link":"https:\/\/azempresas.com\/prototipos\/atuacoes-em-portugal\/","title":{"rendered":"Atua\u00e7\u00f5es em Portugal"},"content":{"rendered":"\t\t<div data-elementor-type=\"wp-page\" data-elementor-id=\"6236\" class=\"elementor elementor-6236\" data-elementor-post-type=\"page\">\n\t\t\t\t<div class=\"elementor-element elementor-element-3dad4d4 e-con-full e-flex e-con e-parent\" data-id=\"3dad4d4\" data-element_type=\"container\" data-settings=\"{&quot;background_background&quot;:&quot;classic&quot;}\">\n\t\t<div class=\"elementor-element elementor-element-30d600c e-flex e-con-boxed e-con e-child\" data-id=\"30d600c\" data-element_type=\"container\">\n\t\t\t\t\t<div class=\"e-con-inner\">\n\t\t\t\t<div class=\"elementor-element elementor-element-c7f4099 elementor-invisible elementor-widget elementor-widget-heading\" data-id=\"c7f4099\" data-element_type=\"widget\" data-settings=\"{&quot;_animation&quot;:&quot;fadeInLeft&quot;,&quot;_animation_delay&quot;:150}\" data-widget_type=\"heading.default\">\n\t\t\t\t<div class=\"elementor-widget-container\">\n\t\t\t\t\t<h2 class=\"elementor-heading-title elementor-size-default\">\u00c1reas de atua\u00e7\u00e3o - Portugal<\/h2>\t\t\t\t<\/div>\n\t\t\t\t<\/div>\n\t\t\t\t\t<\/div>\n\t\t\t\t<\/div>\n\t\t\t\t<\/div>\n\t\t<div class=\"elementor-element elementor-element-9636564 e-flex e-con-boxed elementor-invisible e-con e-parent\" data-id=\"9636564\" data-element_type=\"container\" data-settings=\"{&quot;animation&quot;:&quot;fadeInUp&quot;,&quot;animation_delay&quot;:100}\">\n\t\t\t\t\t<div class=\"e-con-inner\">\n\t\t\t\t<div class=\"elementor-element elementor-element-f4613e4 elementor-widget elementor-widget-heading\" data-id=\"f4613e4\" data-element_type=\"widget\" data-widget_type=\"heading.default\">\n\t\t\t\t<div class=\"elementor-widget-container\">\n\t\t\t\t\t<h2 class=\"elementor-heading-title elementor-size-default\">Proatividade e efici\u00eancia para pessoas singulares e coletivas<br> de todas as nacionalidades.<\/h2>\t\t\t\t<\/div>\n\t\t\t\t<\/div>\n\t\t\t\t\t<\/div>\n\t\t\t\t<\/div>\n\t\t<div class=\"elementor-element elementor-element-96f4985 e-flex e-con-boxed elementor-invisible e-con e-parent\" data-id=\"96f4985\" data-element_type=\"container\" data-settings=\"{&quot;animation&quot;:&quot;fadeInUp&quot;,&quot;animation_delay&quot;:150}\">\n\t\t\t\t\t<div class=\"e-con-inner\">\n\t\t<div class=\"elementor-element elementor-element-fb69ea1 e-con-full e-flex e-con e-child\" data-id=\"fb69ea1\" data-element_type=\"container\">\n\t\t\t\t<div class=\"elementor-element elementor-element-4b2caad elementor-widget elementor-widget-heading\" data-id=\"4b2caad\" data-element_type=\"widget\" data-widget_type=\"heading.default\">\n\t\t\t\t<div class=\"elementor-widget-container\">\n\t\t\t\t\t<h2 class=\"elementor-heading-title elementor-size-default\">Proatividade<\/h2>\t\t\t\t<\/div>\n\t\t\t\t<\/div>\n\t\t\t\t<div class=\"elementor-element elementor-element-b4013ff elementor-widget elementor-widget-heading\" data-id=\"b4013ff\" data-element_type=\"widget\" data-widget_type=\"heading.default\">\n\t\t\t\t<div class=\"elementor-widget-container\">\n\t\t\t\t\t<h2 class=\"elementor-heading-title elementor-size-default\">O fundador do escrit\u00f3rio, J\u00f4nata Guimar\u00e3es, atua<br> em Portugal e no Brasil.<\/h2>\t\t\t\t<\/div>\n\t\t\t\t<\/div>\n\t\t\t\t<\/div>\n\t\t<div class=\"elementor-element elementor-element-c1fa82c e-con-full e-flex e-con e-child\" data-id=\"c1fa82c\" data-element_type=\"container\">\n\t\t\t\t<div class=\"elementor-element elementor-element-6c240b2 elementor-widget elementor-widget-heading\" data-id=\"6c240b2\" data-element_type=\"widget\" data-widget_type=\"heading.default\">\n\t\t\t\t<div class=\"elementor-widget-container\">\n\t\t\t\t\t<h2 class=\"elementor-heading-title elementor-size-default\">Proatividade<\/h2>\t\t\t\t<\/div>\n\t\t\t\t<\/div>\n\t\t\t\t<div class=\"elementor-element elementor-element-db7bbce elementor-widget elementor-widget-heading\" data-id=\"db7bbce\" data-element_type=\"widget\" data-widget_type=\"heading.default\">\n\t\t\t\t<div class=\"elementor-widget-container\">\n\t\t\t\t\t<h2 class=\"elementor-heading-title elementor-size-default\">O fundador do escrit\u00f3rio, J\u00f4nata Guimar\u00e3es, atua<br> em Portugal e no Brasil.<\/h2>\t\t\t\t<\/div>\n\t\t\t\t<\/div>\n\t\t\t\t<\/div>\n\t\t<div class=\"elementor-element elementor-element-3cb64c7 e-con-full e-flex e-con e-child\" data-id=\"3cb64c7\" data-element_type=\"container\">\n\t\t\t\t<div class=\"elementor-element elementor-element-9912bfb elementor-widget elementor-widget-heading\" data-id=\"9912bfb\" data-element_type=\"widget\" data-widget_type=\"heading.default\">\n\t\t\t\t<div class=\"elementor-widget-container\">\n\t\t\t\t\t<h2 class=\"elementor-heading-title elementor-size-default\">Proatividade<\/h2>\t\t\t\t<\/div>\n\t\t\t\t<\/div>\n\t\t\t\t<div class=\"elementor-element elementor-element-9956427 elementor-widget elementor-widget-heading\" data-id=\"9956427\" data-element_type=\"widget\" data-widget_type=\"heading.default\">\n\t\t\t\t<div class=\"elementor-widget-container\">\n\t\t\t\t\t<h2 class=\"elementor-heading-title elementor-size-default\">O fundador do escrit\u00f3rio, J\u00f4nata Guimar\u00e3es, atua<br> em Portugal e no Brasil.<\/h2>\t\t\t\t<\/div>\n\t\t\t\t<\/div>\n\t\t\t\t<\/div>\n\t\t<div class=\"elementor-element elementor-element-5b47aff e-con-full e-flex e-con e-child\" data-id=\"5b47aff\" data-element_type=\"container\">\n\t\t\t\t<div class=\"elementor-element elementor-element-40b2e1d elementor-widget elementor-widget-heading\" data-id=\"40b2e1d\" data-element_type=\"widget\" data-widget_type=\"heading.default\">\n\t\t\t\t<div class=\"elementor-widget-container\">\n\t\t\t\t\t<h2 class=\"elementor-heading-title elementor-size-default\">Proatividade<\/h2>\t\t\t\t<\/div>\n\t\t\t\t<\/div>\n\t\t\t\t<div class=\"elementor-element elementor-element-7e03a4c elementor-widget elementor-widget-heading\" data-id=\"7e03a4c\" data-element_type=\"widget\" data-widget_type=\"heading.default\">\n\t\t\t\t<div class=\"elementor-widget-container\">\n\t\t\t\t\t<h2 class=\"elementor-heading-title elementor-size-default\">O fundador do escrit\u00f3rio, J\u00f4nata Guimar\u00e3es, atua<br> em Portugal e no Brasil.<\/h2>\t\t\t\t<\/div>\n\t\t\t\t<\/div>\n\t\t\t\t<\/div>\n\t\t\t\t\t<\/div>\n\t\t\t\t<\/div>\n\t\t\t\t<\/div>\n\t\t","protected":false},"excerpt":{"rendered":"<p>\u00c1reas de atua\u00e7\u00e3o &#8211; Portugal Proatividade e efici\u00eancia para pessoas singulares e coletivas de todas as nacionalidades. Proatividade O fundador do escrit\u00f3rio, J\u00f4nata Guimar\u00e3es, atua em Portugal e no Brasil. Proatividade O fundador do escrit\u00f3rio, J\u00f4nata Guimar\u00e3es, atua em Portugal e no Brasil. Proatividade O fundador do escrit\u00f3rio, J\u00f4nata Guimar\u00e3es, atua em Portugal e no [&hellip;]<\/p>\n","protected":false},"author":1,"featured_media":0,"parent":0,"menu_order":0,"comment_status":"closed","ping_status":"closed","template":"elementor_header_footer","meta":{"footnotes":""},"class_list":["post-6236","page","type-page","status-publish","hentry"],"_links":{"self":[{"href":"https:\/\/azempresas.com\/prototipos\/wp-json\/wp\/v2\/pages\/6236","targetHints":{"allow":["GET"]}}],"collection":[{"href":"https:\/\/azempresas.com\/prototipos\/wp-json\/wp\/v2\/pages"}],"about":[{"href":"https:\/\/azempresas.com\/prototipos\/wp-json\/wp\/v2\/types\/page"}],"author":[{"embeddable":true,"href":"https:\/\/azempresas.com\/prototipos\/wp-json\/wp\/v2\/users\/1"}],"replies":[{"embeddable":true,"href":"https:\/\/azempresas.com\/prototipos\/wp-json\/wp\/v2\/comments?post=6236"}],"version-history":[{"count":39,"href":"https:\/\/azempresas.com\/prototipos\/wp-json\/wp\/v2\/pages\/6236\/revisions"}],"predecessor-version":[{"id":6816,"href":"https:\/\/azempresas.com\/prototipos\/wp-json\/wp\/v2\/pages\/6236\/revisions\/6816"}],"wp:attachment":[{"href":"https:\/\/azempresas.com\/prototipos\/wp-json\/wp\/v2\/media?parent=6236"}],"curies":[{"name":"wp","href":"https:\/\/api.w.org\/{rel}","templated":true}]}}