{"id":6241,"date":"2025-08-12T17:44:45","date_gmt":"2025-08-12T17:44:45","guid":{"rendered":"https:\/\/azempresas.com\/prototipos\/?page_id=6241"},"modified":"2025-08-19T17:29:57","modified_gmt":"2025-08-19T17:29:57","slug":"atuacoes-no-brasil","status":"publish","type":"page","link":"https:\/\/azempresas.com\/prototipos\/atuacoes-no-brasil\/","title":{"rendered":"Atua\u00e7\u00f5es no Brasil"},"content":{"rendered":"\t\t<div data-elementor-type=\"wp-page\" data-elementor-id=\"6241\" class=\"elementor elementor-6241\" data-elementor-post-type=\"page\">\n\t\t\t\t<div class=\"elementor-element elementor-element-a500080 e-con-full e-flex e-con e-parent\" data-id=\"a500080\" data-element_type=\"container\" data-settings=\"{&quot;background_background&quot;:&quot;classic&quot;}\">\n\t\t<div class=\"elementor-element elementor-element-a31d0fb e-flex e-con-boxed e-con e-child\" data-id=\"a31d0fb\" data-element_type=\"container\">\n\t\t\t\t\t<div class=\"e-con-inner\">\n\t\t\t\t<div class=\"elementor-element elementor-element-bb01ef7 elementor-invisible elementor-widget elementor-widget-heading\" data-id=\"bb01ef7\" data-element_type=\"widget\" data-settings=\"{&quot;_animation&quot;:&quot;fadeInLeft&quot;,&quot;_animation_delay&quot;:150}\" data-widget_type=\"heading.default\">\n\t\t\t\t<div class=\"elementor-widget-container\">\n\t\t\t\t\t<h2 class=\"elementor-heading-title elementor-size-default\">\u00c1reas de atua\u00e7\u00e3o - Brasil<\/h2>\t\t\t\t<\/div>\n\t\t\t\t<\/div>\n\t\t\t\t\t<\/div>\n\t\t\t\t<\/div>\n\t\t\t\t<\/div>\n\t\t<div class=\"elementor-element elementor-element-beb158e e-flex e-con-boxed elementor-invisible e-con e-parent\" data-id=\"beb158e\" data-element_type=\"container\" data-settings=\"{&quot;animation&quot;:&quot;fadeInUp&quot;,&quot;animation_delay&quot;:100}\">\n\t\t\t\t\t<div class=\"e-con-inner\">\n\t\t\t\t<div class=\"elementor-element elementor-element-8d6a8b8 elementor-widget elementor-widget-heading\" data-id=\"8d6a8b8\" data-element_type=\"widget\" data-widget_type=\"heading.default\">\n\t\t\t\t<div class=\"elementor-widget-container\">\n\t\t\t\t\t<h2 class=\"elementor-heading-title elementor-size-default\">Proatividade e efici\u00eancia para pessoas singulares e coletivas<br> de todas as nacionalidades.<\/h2>\t\t\t\t<\/div>\n\t\t\t\t<\/div>\n\t\t\t\t\t<\/div>\n\t\t\t\t<\/div>\n\t\t<div class=\"elementor-element elementor-element-020b888 e-flex e-con-boxed elementor-invisible e-con e-parent\" data-id=\"020b888\" data-element_type=\"container\" data-settings=\"{&quot;animation&quot;:&quot;fadeInUp&quot;,&quot;animation_delay&quot;:150}\">\n\t\t\t\t\t<div class=\"e-con-inner\">\n\t\t<div class=\"elementor-element elementor-element-7853136 e-con-full e-flex e-con e-child\" data-id=\"7853136\" data-element_type=\"container\">\n\t\t\t\t<div class=\"elementor-element elementor-element-905aadd elementor-widget elementor-widget-heading\" data-id=\"905aadd\" data-element_type=\"widget\" data-widget_type=\"heading.default\">\n\t\t\t\t<div class=\"elementor-widget-container\">\n\t\t\t\t\t<h2 class=\"elementor-heading-title elementor-size-default\">Proatividade<\/h2>\t\t\t\t<\/div>\n\t\t\t\t<\/div>\n\t\t\t\t<div class=\"elementor-element elementor-element-7febcd2 elementor-widget elementor-widget-heading\" data-id=\"7febcd2\" data-element_type=\"widget\" data-widget_type=\"heading.default\">\n\t\t\t\t<div class=\"elementor-widget-container\">\n\t\t\t\t\t<h2 class=\"elementor-heading-title elementor-size-default\">O fundador do escrit\u00f3rio, J\u00f4nata Guimar\u00e3es, atua<br> em Portugal e no Brasil.<\/h2>\t\t\t\t<\/div>\n\t\t\t\t<\/div>\n\t\t\t\t<\/div>\n\t\t<div class=\"elementor-element elementor-element-6f236d0 e-con-full e-flex e-con e-child\" data-id=\"6f236d0\" data-element_type=\"container\">\n\t\t\t\t<div class=\"elementor-element elementor-element-052f2c2 elementor-widget elementor-widget-heading\" data-id=\"052f2c2\" data-element_type=\"widget\" data-widget_type=\"heading.default\">\n\t\t\t\t<div class=\"elementor-widget-container\">\n\t\t\t\t\t<h2 class=\"elementor-heading-title elementor-size-default\">Proatividade<\/h2>\t\t\t\t<\/div>\n\t\t\t\t<\/div>\n\t\t\t\t<div class=\"elementor-element elementor-element-2eaae48 elementor-widget elementor-widget-heading\" data-id=\"2eaae48\" data-element_type=\"widget\" data-widget_type=\"heading.default\">\n\t\t\t\t<div class=\"elementor-widget-container\">\n\t\t\t\t\t<h2 class=\"elementor-heading-title elementor-size-default\">O fundador do escrit\u00f3rio, J\u00f4nata Guimar\u00e3es, atua<br> em Portugal e no Brasil.<\/h2>\t\t\t\t<\/div>\n\t\t\t\t<\/div>\n\t\t\t\t<\/div>\n\t\t<div class=\"elementor-element elementor-element-c1048fd e-con-full e-flex e-con e-child\" data-id=\"c1048fd\" data-element_type=\"container\">\n\t\t\t\t<div class=\"elementor-element elementor-element-2268e19 elementor-widget elementor-widget-heading\" data-id=\"2268e19\" data-element_type=\"widget\" data-widget_type=\"heading.default\">\n\t\t\t\t<div class=\"elementor-widget-container\">\n\t\t\t\t\t<h2 class=\"elementor-heading-title elementor-size-default\">Proatividade<\/h2>\t\t\t\t<\/div>\n\t\t\t\t<\/div>\n\t\t\t\t<div class=\"elementor-element elementor-element-ceae905 elementor-widget elementor-widget-heading\" data-id=\"ceae905\" data-element_type=\"widget\" data-widget_type=\"heading.default\">\n\t\t\t\t<div class=\"elementor-widget-container\">\n\t\t\t\t\t<h2 class=\"elementor-heading-title elementor-size-default\">O fundador do escrit\u00f3rio, J\u00f4nata Guimar\u00e3es, atua<br> em Portugal e no Brasil.<\/h2>\t\t\t\t<\/div>\n\t\t\t\t<\/div>\n\t\t\t\t<\/div>\n\t\t<div class=\"elementor-element elementor-element-70b6433 e-con-full e-flex e-con e-child\" data-id=\"70b6433\" data-element_type=\"container\">\n\t\t\t\t<div class=\"elementor-element elementor-element-543993d elementor-widget elementor-widget-heading\" data-id=\"543993d\" data-element_type=\"widget\" data-widget_type=\"heading.default\">\n\t\t\t\t<div class=\"elementor-widget-container\">\n\t\t\t\t\t<h2 class=\"elementor-heading-title elementor-size-default\">Proatividade<\/h2>\t\t\t\t<\/div>\n\t\t\t\t<\/div>\n\t\t\t\t<div class=\"elementor-element elementor-element-08da845 elementor-widget elementor-widget-heading\" data-id=\"08da845\" data-element_type=\"widget\" data-widget_type=\"heading.default\">\n\t\t\t\t<div class=\"elementor-widget-container\">\n\t\t\t\t\t<h2 class=\"elementor-heading-title elementor-size-default\">O fundador do escrit\u00f3rio, J\u00f4nata Guimar\u00e3es, atua<br> em Portugal e no Brasil.<\/h2>\t\t\t\t<\/div>\n\t\t\t\t<\/div>\n\t\t\t\t<\/div>\n\t\t\t\t\t<\/div>\n\t\t\t\t<\/div>\n\t\t\t\t<\/div>\n\t\t","protected":false},"excerpt":{"rendered":"<p>\u00c1reas de atua\u00e7\u00e3o &#8211; Brasil Proatividade e efici\u00eancia para pessoas singulares e coletivas de todas as nacionalidades. Proatividade O fundador do escrit\u00f3rio, J\u00f4nata Guimar\u00e3es, atua em Portugal e no Brasil. Proatividade O fundador do escrit\u00f3rio, J\u00f4nata Guimar\u00e3es, atua em Portugal e no Brasil. Proatividade O fundador do escrit\u00f3rio, J\u00f4nata Guimar\u00e3es, atua em Portugal e no [&hellip;]<\/p>\n","protected":false},"author":1,"featured_media":0,"parent":0,"menu_order":0,"comment_status":"closed","ping_status":"closed","template":"elementor_header_footer","meta":{"footnotes":""},"class_list":["post-6241","page","type-page","status-publish","hentry"],"_links":{"self":[{"href":"https:\/\/azempresas.com\/prototipos\/wp-json\/wp\/v2\/pages\/6241","targetHints":{"allow":["GET"]}}],"collection":[{"href":"https:\/\/azempresas.com\/prototipos\/wp-json\/wp\/v2\/pages"}],"about":[{"href":"https:\/\/azempresas.com\/prototipos\/wp-json\/wp\/v2\/types\/page"}],"author":[{"embeddable":true,"href":"https:\/\/azempresas.com\/prototipos\/wp-json\/wp\/v2\/users\/1"}],"replies":[{"embeddable":true,"href":"https:\/\/azempresas.com\/prototipos\/wp-json\/wp\/v2\/comments?post=6241"}],"version-history":[{"count":15,"href":"https:\/\/azempresas.com\/prototipos\/wp-json\/wp\/v2\/pages\/6241\/revisions"}],"predecessor-version":[{"id":6872,"href":"https:\/\/azempresas.com\/prototipos\/wp-json\/wp\/v2\/pages\/6241\/revisions\/6872"}],"wp:attachment":[{"href":"https:\/\/azempresas.com\/prototipos\/wp-json\/wp\/v2\/media?parent=6241"}],"curies":[{"name":"wp","href":"https:\/\/api.w.org\/{rel}","templated":true}]}}